{"id":1143,"date":"2018-12-03T12:44:23","date_gmt":"2018-12-03T11:44:23","guid":{"rendered":"http:\/\/alexandertechnikinitiative.berlin\/?page_id=1143"},"modified":"2023-05-23T12:21:38","modified_gmt":"2023-05-23T10:21:38","slug":"startseite","status":"publish","type":"page","link":"https:\/\/alexandertechnikinitiative.berlin\/gb\/","title":{"rendered":"Alexander-Technik Initiative Berlin"},"content":{"rendered":"\n<p>Willkommen auf der Homepage der&nbsp;<span style=\"font-weight: 600;\">Alexander-Technik Initiative<\/span>Berlin. ( Ati )<\/p>\n\n\n\n<p><strong>Ati<\/strong> Berlin&nbsp;ist eine Kooperative von LehrerInnen der <strong>Alexander-Technik<\/strong>,&nbsp;die&nbsp;die&nbsp;Pr\u00e4senz und den Wirkungsgrad dieser Methode in der Gesellschaft st\u00e4rken m\u00f6chten.<\/p>\n\n\n\n<p>Die <strong>Alexander-Technik<\/strong>&nbsp;dient der Verbesserung der Qualit\u00e4t in nahezu allen Lebensbereichen. Ihre Vorteile werden seit mehr als 100 Jahren im Kontext Gesundheit, Bewegung, Bildung, Kultur und Arbeit erprobt und wertgesch\u00e4tzt.<br>Mit ihren Mitteln werden Schmerzen und Krankheiten gelindert, Blockaden gel\u00f6st, individuelle Bewegungs- und Ausdrucksm\u00f6glichkeiten erweitert und die<br>Entwicklung auf pers\u00f6nlicher, professioneller und kollektiver Ebene gef\u00f6rdert.<\/p>\n\n\n\n<p>Trotz ihrer breitgef\u00e4cherten Anwendung und Effektivit\u00e4t ist die <strong>Alexander-Technik<\/strong>&nbsp;verh\u00e4ltnism\u00e4\u00dfig unbekannt.<\/p>\n\n\n\n<p>Wir von <strong>Ati<\/strong> Berlin bieten Ihnen aus diesem Grund Seminare,&nbsp;Vortr\u00e4ge und Workshops an, die Sie umfassend informieren und Ihnen einen auf Ihre Bed\u00fcrfnisse zugeschnittenen Einblick in die Technik gew\u00e4hren.<\/p>\n\n\n\n<p>Diese Veranstaltungen k\u00f6nnen vor Ort, in gesundheitlichen und<br>sozialen Einrichtungen, Bildungszentren, Kulturinstitutionen, Firmen mit Mitarbeiterf\u00f6rderung o.a. stattfinden.<\/p>\n\n\n\n<p>F\u00fcr weitere Fragen \/ Informationen oder ein individuelles Angebot und Gespr\u00e4ch nutzen Sie gerne unser <a href=\"https:\/\/alexandertechnikinitiative.berlin\/kontakt\/\">Kontaktformular<\/a><\/p>\n\n\n\n<p><br><\/p>\n\n\n\n<p><\/p>\n","protected":false},"excerpt":{"rendered":"<p>Willkommen auf der Homepage der&nbsp;Alexander-Technik InitiativeBerlin. ( Ati ) Ati Berlin&nbsp;ist eine Kooperative von LehrerInnen der Alexander-Technik,&nbsp;die&nbsp;die&nbsp;Pr\u00e4senz und den Wirkungsgrad dieser Methode in der Gesellschaft st\u00e4rken m\u00f6chten. Die Alexander-Technik&nbsp;dient der Verbesserung der Qualit\u00e4t in nahezu allen Lebensbereichen. Ihre Vorteile werden seit mehr als 100 Jahren im Kontext Gesundheit, Bewegung, Bildung, Kultur und Arbeit erprobt und &hellip; <\/p>\n<p class=\"link-more\"><a href=\"https:\/\/alexandertechnikinitiative.berlin\/gb\/\" class=\"more-link\">Continue reading<span class=\"screen-reader-text\"> &#8220;Alexander-Technik Initiative Berlin&#8221;<\/span><\/a><\/p>\n","protected":false},"author":1,"featured_media":0,"parent":0,"menu_order":0,"comment_status":"closed","ping_status":"closed","template":"","meta":{"footnotes":""},"class_list":["post-1143","page","type-page","status-publish","hentry"],"translation":{"provider":"WPGlobus","version":"3.0.0","language":"gb","enabled_languages":["de","gb"],"languages":{"de":{"title":true,"content":true,"excerpt":false},"gb":{"title":false,"content":false,"excerpt":false}}},"_links":{"self":[{"href":"https:\/\/alexandertechnikinitiative.berlin\/gb\/wp-json\/wp\/v2\/pages\/1143","targetHints":{"allow":["GET"]}}],"collection":[{"href":"https:\/\/alexandertechnikinitiative.berlin\/gb\/wp-json\/wp\/v2\/pages"}],"about":[{"href":"https:\/\/alexandertechnikinitiative.berlin\/gb\/wp-json\/wp\/v2\/types\/page"}],"author":[{"embeddable":true,"href":"https:\/\/alexandertechnikinitiative.berlin\/gb\/wp-json\/wp\/v2\/users\/1"}],"replies":[{"embeddable":true,"href":"https:\/\/alexandertechnikinitiative.berlin\/gb\/wp-json\/wp\/v2\/comments?post=1143"}],"version-history":[{"count":10,"href":"https:\/\/alexandertechnikinitiative.berlin\/gb\/wp-json\/wp\/v2\/pages\/1143\/revisions"}],"predecessor-version":[{"id":1619,"href":"https:\/\/alexandertechnikinitiative.berlin\/gb\/wp-json\/wp\/v2\/pages\/1143\/revisions\/1619"}],"wp:attachment":[{"href":"https:\/\/alexandertechnikinitiative.berlin\/gb\/wp-json\/wp\/v2\/media?parent=1143"}],"curies":[{"name":"wp","href":"https:\/\/api.w.org\/{rel}","templated":true}]}}