{"id":1149,"date":"2018-12-03T12:47:00","date_gmt":"2018-12-03T11:47:00","guid":{"rendered":"http:\/\/alexandertechnikinitiative.berlin\/?page_id=1149"},"modified":"2018-12-06T21:28:39","modified_gmt":"2018-12-06T20:28:39","slug":"ueber-uns","status":"publish","type":"page","link":"https:\/\/alexandertechnikinitiative.berlin\/gb\/ueber-uns\/","title":{"rendered":"\u00dcber uns"},"content":{"rendered":"<p>Ati Berlin ist eine Kooperative von LehrerInnen der Alexander-Technik, die die Pr\u00e4senz und den Wirkungsgrad der Alexander-Technik in der Gesellschaft st\u00e4rken m\u00f6chten.<\/p>\n<p>F\u00fcr n\u00e4here Informationen klicken Sie bitte auf die einzelnen Biographieseiten.<\/p>\n","protected":false},"excerpt":{"rendered":"<p>Ati Berlin ist eine Kooperative von LehrerInnen der Alexander-Technik, die die Pr\u00e4senz und den Wirkungsgrad der Alexander-Technik in der Gesellschaft st\u00e4rken m\u00f6chten. F\u00fcr n\u00e4here Informationen klicken Sie bitte auf die einzelnen Biographieseiten.<\/p>\n","protected":false},"author":1,"featured_media":0,"parent":0,"menu_order":0,"comment_status":"closed","ping_status":"closed","template":"","meta":{"footnotes":""},"class_list":["post-1149","page","type-page","status-publish","hentry"],"translation":{"provider":"WPGlobus","version":"3.0.0","language":"gb","enabled_languages":["de","gb"],"languages":{"de":{"title":true,"content":true,"excerpt":false},"gb":{"title":false,"content":false,"excerpt":false}}},"_links":{"self":[{"href":"https:\/\/alexandertechnikinitiative.berlin\/gb\/wp-json\/wp\/v2\/pages\/1149","targetHints":{"allow":["GET"]}}],"collection":[{"href":"https:\/\/alexandertechnikinitiative.berlin\/gb\/wp-json\/wp\/v2\/pages"}],"about":[{"href":"https:\/\/alexandertechnikinitiative.berlin\/gb\/wp-json\/wp\/v2\/types\/page"}],"author":[{"embeddable":true,"href":"https:\/\/alexandertechnikinitiative.berlin\/gb\/wp-json\/wp\/v2\/users\/1"}],"replies":[{"embeddable":true,"href":"https:\/\/alexandertechnikinitiative.berlin\/gb\/wp-json\/wp\/v2\/comments?post=1149"}],"version-history":[{"count":1,"href":"https:\/\/alexandertechnikinitiative.berlin\/gb\/wp-json\/wp\/v2\/pages\/1149\/revisions"}],"predecessor-version":[{"id":1150,"href":"https:\/\/alexandertechnikinitiative.berlin\/gb\/wp-json\/wp\/v2\/pages\/1149\/revisions\/1150"}],"wp:attachment":[{"href":"https:\/\/alexandertechnikinitiative.berlin\/gb\/wp-json\/wp\/v2\/media?parent=1149"}],"curies":[{"name":"wp","href":"https:\/\/api.w.org\/{rel}","templated":true}]}}