{"id":1163,"date":"2018-12-03T12:54:48","date_gmt":"2018-12-03T11:54:48","guid":{"rendered":"http:\/\/alexandertechnikinitiative.berlin\/?page_id=1163"},"modified":"2019-11-05T17:20:19","modified_gmt":"2019-11-05T16:20:19","slug":"beate-v-hahn","status":"publish","type":"page","link":"https:\/\/alexandertechnikinitiative.berlin\/gb\/beate-v-hahn\/","title":{"rendered":"Beate v. Hahn"},"content":{"rendered":"<p>Dipl. Opern- und Konzerts\u00e4ngerin<img loading=\"lazy\" decoding=\"async\" class=\"size-medium wp-image-1253 alignright\" src=\"https:\/\/alexandertechnikinitiative.berlin\/wp-content\/uploads\/2018\/12\/DSC_0036-e1520542417258-743x1024-218x300.jpg\" alt=\"\" width=\"218\" height=\"300\" srcset=\"https:\/\/alexandertechnikinitiative.berlin\/wp-content\/uploads\/2018\/12\/DSC_0036-e1520542417258-743x1024-218x300.jpg 218w, https:\/\/alexandertechnikinitiative.berlin\/wp-content\/uploads\/2018\/12\/DSC_0036-e1520542417258-743x1024.jpg 743w\" sizes=\"auto, (max-width: 218px) 100vw, 218px\" \/><\/p>\n<p>Dipl. Lehrerin der Alexandertechnik<\/p>\n<p>Unterrichtst\u00e4tigkeit seit 2010<\/p>\n<p>Einzelunterricht Gruppen und Workshops<\/p>\n<p>Gr\u00fcnderin der Vokalwerkstatt f\u00fcr Stimme und Alexander-Technik<\/p>\n<p><span style=\"color: #808080;\">Ich kam zur Alexander-Technik \u00fcber mein Gesangs-Studium an der Musikhochschule in M\u00fcnchen und diese Entdeckung war f\u00fcr mich eine Offenbarung.\u00a0Viele meiner Fragen \u00fcber den k\u00fcnstlerischen Ausdruck und das Singen selber haben dort eine Antwort gefunden.<\/span><br \/>\n<span style=\"color: #808080;\">Ich bekam endlich ein Gef\u00fchl, was es hei\u00dft bei mir zu bleiben, im Flu\u00df zu sein,\u00a0meinen K\u00f6rper als Resonanzraum zu nutzen.<\/span><br \/>\n<span style=\"color: #808080;\">Ich wu\u00dfte immer, da\u00df irgendwo eine Be-M\u00fchelosigkeit und eine pure Ausdruckskraft liegen mu\u00df, das, was S\u00e4nger*innen als Ereignis bezeichnen, wo man nicht mehr wei\u00df ob man selber singt, oder etwas durch einen zum Klingen kommt.<\/span><br \/>\n<span style=\"color: #808080;\">Ich versuche in meinen Unterricht als Stimm- und Alexander-Technik- Lehrerin dem so nahe wie m\u00f6glich zu kommen.<\/span><\/p>\n<p>www.beatevonhahn.de<br \/>\nwww.vokalwerkstatt.de<\/p>\n","protected":false},"excerpt":{"rendered":"<p>Dipl. Opern- und Konzerts\u00e4ngerin Dipl. Lehrerin der Alexandertechnik Unterrichtst\u00e4tigkeit seit 2010 Einzelunterricht Gruppen und Workshops Gr\u00fcnderin der Vokalwerkstatt f\u00fcr Stimme und Alexander-Technik Ich kam zur Alexander-Technik \u00fcber mein Gesangs-Studium an der Musikhochschule in M\u00fcnchen und diese Entdeckung war f\u00fcr mich eine Offenbarung.\u00a0Viele meiner Fragen \u00fcber den k\u00fcnstlerischen Ausdruck und das Singen selber haben dort eine &hellip; <\/p>\n<p class=\"link-more\"><a href=\"https:\/\/alexandertechnikinitiative.berlin\/gb\/beate-v-hahn\/\" class=\"more-link\">Continue reading<span class=\"screen-reader-text\"> &#8220;Beate v. Hahn&#8221;<\/span><\/a><\/p>\n","protected":false},"author":1,"featured_media":0,"parent":0,"menu_order":0,"comment_status":"closed","ping_status":"closed","template":"","meta":{"footnotes":""},"class_list":["post-1163","page","type-page","status-publish","hentry"],"translation":{"provider":"WPGlobus","version":"3.0.0","language":"gb","enabled_languages":["de","gb"],"languages":{"de":{"title":true,"content":true,"excerpt":false},"gb":{"title":false,"content":false,"excerpt":false}}},"_links":{"self":[{"href":"https:\/\/alexandertechnikinitiative.berlin\/gb\/wp-json\/wp\/v2\/pages\/1163","targetHints":{"allow":["GET"]}}],"collection":[{"href":"https:\/\/alexandertechnikinitiative.berlin\/gb\/wp-json\/wp\/v2\/pages"}],"about":[{"href":"https:\/\/alexandertechnikinitiative.berlin\/gb\/wp-json\/wp\/v2\/types\/page"}],"author":[{"embeddable":true,"href":"https:\/\/alexandertechnikinitiative.berlin\/gb\/wp-json\/wp\/v2\/users\/1"}],"replies":[{"embeddable":true,"href":"https:\/\/alexandertechnikinitiative.berlin\/gb\/wp-json\/wp\/v2\/comments?post=1163"}],"version-history":[{"count":4,"href":"https:\/\/alexandertechnikinitiative.berlin\/gb\/wp-json\/wp\/v2\/pages\/1163\/revisions"}],"predecessor-version":[{"id":1511,"href":"https:\/\/alexandertechnikinitiative.berlin\/gb\/wp-json\/wp\/v2\/pages\/1163\/revisions\/1511"}],"wp:attachment":[{"href":"https:\/\/alexandertechnikinitiative.berlin\/gb\/wp-json\/wp\/v2\/media?parent=1163"}],"curies":[{"name":"wp","href":"https:\/\/api.w.org\/{rel}","templated":true}]}}