{"id":1171,"date":"2018-12-03T12:58:12","date_gmt":"2018-12-03T11:58:12","guid":{"rendered":"http:\/\/alexandertechnikinitiative.berlin\/?page_id=1171"},"modified":"2018-12-10T19:53:26","modified_gmt":"2018-12-10T18:53:26","slug":"ati-und-musik","status":"publish","type":"page","link":"https:\/\/alexandertechnikinitiative.berlin\/gb\/ati-und-musik\/","title":{"rendered":"Music"},"content":{"rendered":"\n<p>*Heutzutage verwechseln so viele Menschen grobe Fehlkoordination mit Originalit\u00e4t. *Patrick McDonald<\/p>\n\n\n\n<p>The demands of the profession, it&#8217;s sense of urgency and call for quality all the times, often cause undue stress and anxiety, creating an athmosphere of a times heightened tension which restricts mobility and desensitises one&#8217;s sensory awareness.<\/p>\n\n\n\n<p>Eine \u00f6konomische Nutzung unseres Organismus ist die Basis jeder effektiven Instrumentaltechnik. Alle feinmotorischen T\u00e4tigkeiten sind in die Gesamtkoordination unseres K\u00f6rpers eingebettet und technische Probleme &#8211; Gelenkschmerzen, Erm\u00fcdung, \u00dcberlastung, Ungleichgewichte aller Art &#8211; weisen oft auf strukturelle St\u00f6rungen hin, die mit den Mitteln der Alexander-Technik ersp\u00fcrt und aufgel\u00f6st werden k\u00f6nnen.<\/p>\n","protected":false},"excerpt":{"rendered":"<p>*Heutzutage verwechseln so viele Menschen grobe Fehlkoordination mit Originalit\u00e4t. *Patrick McDonald The demands of the profession, it&#8217;s sense of urgency and call for quality all the times, often cause undue stress and anxiety, creating an athmosphere of a times heightened tension which restricts mobility and desensitises one&#8217;s sensory awareness. Eine \u00f6konomische Nutzung unseres Organismus ist &hellip; <\/p>\n<p class=\"link-more\"><a href=\"https:\/\/alexandertechnikinitiative.berlin\/gb\/ati-und-musik\/\" class=\"more-link\">Continue reading<span class=\"screen-reader-text\"> &#8220;Music&#8221;<\/span><\/a><\/p>\n","protected":false},"author":1,"featured_media":0,"parent":0,"menu_order":0,"comment_status":"closed","ping_status":"closed","template":"","meta":{"footnotes":""},"class_list":["post-1171","page","type-page","status-publish","hentry"],"translation":{"provider":"WPGlobus","version":"3.0.0","language":"gb","enabled_languages":["de","gb"],"languages":{"de":{"title":true,"content":true,"excerpt":false},"gb":{"title":true,"content":true,"excerpt":false}}},"_links":{"self":[{"href":"https:\/\/alexandertechnikinitiative.berlin\/gb\/wp-json\/wp\/v2\/pages\/1171","targetHints":{"allow":["GET"]}}],"collection":[{"href":"https:\/\/alexandertechnikinitiative.berlin\/gb\/wp-json\/wp\/v2\/pages"}],"about":[{"href":"https:\/\/alexandertechnikinitiative.berlin\/gb\/wp-json\/wp\/v2\/types\/page"}],"author":[{"embeddable":true,"href":"https:\/\/alexandertechnikinitiative.berlin\/gb\/wp-json\/wp\/v2\/users\/1"}],"replies":[{"embeddable":true,"href":"https:\/\/alexandertechnikinitiative.berlin\/gb\/wp-json\/wp\/v2\/comments?post=1171"}],"version-history":[{"count":4,"href":"https:\/\/alexandertechnikinitiative.berlin\/gb\/wp-json\/wp\/v2\/pages\/1171\/revisions"}],"predecessor-version":[{"id":1470,"href":"https:\/\/alexandertechnikinitiative.berlin\/gb\/wp-json\/wp\/v2\/pages\/1171\/revisions\/1470"}],"wp:attachment":[{"href":"https:\/\/alexandertechnikinitiative.berlin\/gb\/wp-json\/wp\/v2\/media?parent=1171"}],"curies":[{"name":"wp","href":"https:\/\/api.w.org\/{rel}","templated":true}]}}