{"id":1188,"date":"2018-12-03T13:00:31","date_gmt":"2018-12-03T12:00:31","guid":{"rendered":"http:\/\/alexandertechnikinitiative.berlin\/?page_id=1188"},"modified":"2022-02-27T14:22:52","modified_gmt":"2022-02-27T13:22:52","slug":"was-wir-anbieten","status":"publish","type":"page","link":"https:\/\/alexandertechnikinitiative.berlin\/gb\/was-wir-anbieten\/","title":{"rendered":"Was wir anbieten"},"content":{"rendered":"<p>Da sich die Alexander-Technik mit dem Element des menschlichen Selbstgebrauchs befasst, ber\u00fchrt sie Lebensthemen und- fragen aus allen individuellen und kollektiven Lebensbereichen.<\/p>\n<p>Die thematischen Schwerpunkte unserer Vortr\u00e4ge und Seminare reichen vom Selbstmanagement am Arbeitsplatz \u00fcber die Pr\u00e4vention von Krankheit bishin zu ethischen Fragen der individuellen und sozialen Lebensf\u00fchrung mit globaler Relevanz.<\/p>\n<p>F\u00fcr weitere Fragen\/ Informationen oder ein individuelles Angebot und Gespr\u00e4ch nutzen Sie \u00a0bitte unser <a href=\"https:\/\/alexandertechnikinitiative.berlin\/kontakt\/\">Kontaktformular<\/a>.<\/p>\n","protected":false},"excerpt":{"rendered":"<p>Da sich die Alexander-Technik mit dem Element des menschlichen Selbstgebrauchs befasst, ber\u00fchrt sie Lebensthemen und- fragen aus allen individuellen und kollektiven Lebensbereichen. Die thematischen Schwerpunkte unserer Vortr\u00e4ge und Seminare reichen vom Selbstmanagement am Arbeitsplatz \u00fcber die Pr\u00e4vention von Krankheit bishin zu ethischen Fragen der individuellen und sozialen Lebensf\u00fchrung mit globaler Relevanz. F\u00fcr weitere Fragen\/ Informationen &hellip; <\/p>\n<p class=\"link-more\"><a href=\"https:\/\/alexandertechnikinitiative.berlin\/gb\/was-wir-anbieten\/\" class=\"more-link\">Continue reading<span class=\"screen-reader-text\"> &#8220;Was wir anbieten&#8221;<\/span><\/a><\/p>\n","protected":false},"author":1,"featured_media":1261,"parent":0,"menu_order":0,"comment_status":"closed","ping_status":"closed","template":"","meta":{"footnotes":""},"class_list":["post-1188","page","type-page","status-publish","has-post-thumbnail","hentry"],"translation":{"provider":"WPGlobus","version":"3.0.0","language":"gb","enabled_languages":["de","gb"],"languages":{"de":{"title":true,"content":true,"excerpt":false},"gb":{"title":false,"content":false,"excerpt":false}}},"_links":{"self":[{"href":"https:\/\/alexandertechnikinitiative.berlin\/gb\/wp-json\/wp\/v2\/pages\/1188","targetHints":{"allow":["GET"]}}],"collection":[{"href":"https:\/\/alexandertechnikinitiative.berlin\/gb\/wp-json\/wp\/v2\/pages"}],"about":[{"href":"https:\/\/alexandertechnikinitiative.berlin\/gb\/wp-json\/wp\/v2\/types\/page"}],"author":[{"embeddable":true,"href":"https:\/\/alexandertechnikinitiative.berlin\/gb\/wp-json\/wp\/v2\/users\/1"}],"replies":[{"embeddable":true,"href":"https:\/\/alexandertechnikinitiative.berlin\/gb\/wp-json\/wp\/v2\/comments?post=1188"}],"version-history":[{"count":7,"href":"https:\/\/alexandertechnikinitiative.berlin\/gb\/wp-json\/wp\/v2\/pages\/1188\/revisions"}],"predecessor-version":[{"id":1598,"href":"https:\/\/alexandertechnikinitiative.berlin\/gb\/wp-json\/wp\/v2\/pages\/1188\/revisions\/1598"}],"wp:featuredmedia":[{"embeddable":true,"href":"https:\/\/alexandertechnikinitiative.berlin\/gb\/wp-json\/wp\/v2\/media\/1261"}],"wp:attachment":[{"href":"https:\/\/alexandertechnikinitiative.berlin\/gb\/wp-json\/wp\/v2\/media?parent=1188"}],"curies":[{"name":"wp","href":"https:\/\/api.w.org\/{rel}","templated":true}]}}