{"id":1193,"date":"2018-12-03T13:04:52","date_gmt":"2018-12-03T12:04:52","guid":{"rendered":"http:\/\/alexandertechnikinitiative.berlin\/?page_id=1193"},"modified":"2019-11-06T09:46:57","modified_gmt":"2019-11-06T08:46:57","slug":"unterrichtspraxis","status":"publish","type":"page","link":"https:\/\/alexandertechnikinitiative.berlin\/gb\/unterrichtspraxis\/","title":{"rendered":"Unterrichtspraxis"},"content":{"rendered":"\n<p>*  Wenn ein Alexander-Lehrer seine H\u00e4nde an einen Sch\u00fcler legt, so hat er ein Gesp\u00fcr f\u00fcr die M\u00f6glichkeiten dieser Person, sich selbst als Ganzheit zu koordinieren. Er wird nicht versuchen, eine steife Schulter oder H\u00fcfte zu behandeln; vielmehr wird er seinen Sch\u00fcler darin unterweisen, diese Teile in eine funktionierende Einheit zu integrieren.*<br>Michael Gelb<\/p>\n\n\n\n<p>Die Alexander-Technik wird in sogenannter hands-on-Praxis unterrichtet. Das hei\u00dft, neben der verbalen Kommunikation entsteht eine Zwiesprache auf sensomotorischer Ebene: unser Organismus lernt in der Interaktion mit Ber\u00fchrungen, Impulsen, Stopps, Erinnerungen und Korrekturen, sich harmonisch zu koordinieren.&nbsp;<\/p>\n","protected":false},"excerpt":{"rendered":"<p>* Wenn ein Alexander-Lehrer seine H\u00e4nde an einen Sch\u00fcler legt, so hat er ein Gesp\u00fcr f\u00fcr die M\u00f6glichkeiten dieser Person, sich selbst als Ganzheit zu koordinieren. Er wird nicht versuchen, eine steife Schulter oder H\u00fcfte zu behandeln; vielmehr wird er seinen Sch\u00fcler darin unterweisen, diese Teile in eine funktionierende Einheit zu integrieren.*Michael Gelb Die Alexander-Technik &hellip; <\/p>\n<p class=\"link-more\"><a href=\"https:\/\/alexandertechnikinitiative.berlin\/gb\/unterrichtspraxis\/\" class=\"more-link\">Continue reading<span class=\"screen-reader-text\"> &#8220;Unterrichtspraxis&#8221;<\/span><\/a><\/p>\n","protected":false},"author":1,"featured_media":0,"parent":0,"menu_order":0,"comment_status":"closed","ping_status":"closed","template":"","meta":{"footnotes":""},"class_list":["post-1193","page","type-page","status-publish","hentry"],"translation":{"provider":"WPGlobus","version":"3.0.0","language":"gb","enabled_languages":["de","gb"],"languages":{"de":{"title":true,"content":true,"excerpt":false},"gb":{"title":false,"content":false,"excerpt":false}}},"_links":{"self":[{"href":"https:\/\/alexandertechnikinitiative.berlin\/gb\/wp-json\/wp\/v2\/pages\/1193","targetHints":{"allow":["GET"]}}],"collection":[{"href":"https:\/\/alexandertechnikinitiative.berlin\/gb\/wp-json\/wp\/v2\/pages"}],"about":[{"href":"https:\/\/alexandertechnikinitiative.berlin\/gb\/wp-json\/wp\/v2\/types\/page"}],"author":[{"embeddable":true,"href":"https:\/\/alexandertechnikinitiative.berlin\/gb\/wp-json\/wp\/v2\/users\/1"}],"replies":[{"embeddable":true,"href":"https:\/\/alexandertechnikinitiative.berlin\/gb\/wp-json\/wp\/v2\/comments?post=1193"}],"version-history":[{"count":3,"href":"https:\/\/alexandertechnikinitiative.berlin\/gb\/wp-json\/wp\/v2\/pages\/1193\/revisions"}],"predecessor-version":[{"id":1513,"href":"https:\/\/alexandertechnikinitiative.berlin\/gb\/wp-json\/wp\/v2\/pages\/1193\/revisions\/1513"}],"wp:attachment":[{"href":"https:\/\/alexandertechnikinitiative.berlin\/gb\/wp-json\/wp\/v2\/media?parent=1193"}],"curies":[{"name":"wp","href":"https:\/\/api.w.org\/{rel}","templated":true}]}}