{"id":1195,"date":"2018-12-03T13:05:20","date_gmt":"2018-12-03T12:05:20","guid":{"rendered":"http:\/\/alexandertechnikinitiative.berlin\/?page_id=1195"},"modified":"2018-12-10T19:25:07","modified_gmt":"2018-12-10T18:25:07","slug":"ethische-aspekte-der-alexander-technik","status":"publish","type":"page","link":"https:\/\/alexandertechnikinitiative.berlin\/gb\/ethische-aspekte-der-alexander-technik\/","title":{"rendered":"Ethische Aspekte der Alexander-Technik"},"content":{"rendered":"<p>*Wenn man einen Menschen lehrt, sich erst einmal seines physischen Organismus bewusst zu werden und diesen dann so zu gebrauchen, wie es seiner nat\u00fcrlichen Funktionsweise entspricht, dann kann man oft seine gesamte Lebenseinstellung \u00e4ndern und ihn von seinen neurotischen Tendenzen heilen.*<span class=\"Apple-converted-space\">\u00a0 \u00a0 \u00a0 \u00a0 \u00a0 \u00a0 \u00a0 \u00a0 \u00a0 \u00a0 \u00a0 \u00a0 \u00a0 \u00a0 \u00a0 \u00a0 \u00a0 \u00a0 \u00a0 \u00a0 \u00a0 \u00a0 \u00a0 \u00a0 \u00a0 \u00a0 \u00a0 \u00a0 \u00a0 \u00a0 \u00a0 \u00a0 \u00a0 \u00a0 \u00a0 \u00a0 \u00a0 <\/span>Aldous Huxley<\/p>\n<p style=\"text-align: right;\"><span style=\"color: #808080;\">The Alexander technique shows in great detail that how we deal with the world directly influences the quality of life on it. The values and concepts which motivate our behaviour form the reality of our environment: integrative motivation brings about integrity; heightened sensory awareness causes a more sensible response; reducing misuse of ourselves as individuals reduces in turn the abuse of resources in our relationships and our societies.<\/span><\/p>\n<p>Die Dringlichkeit des Bed\u00fcrfnisses nach Nachhaltigkeit und Angemessenheit im Umgang mit Leben, d.h. mit \u00f6kologischen Ressourcen und Lebensr\u00e4umen ebenso wie mit der Gesundheit und Leistungsf\u00e4higkeit des Menschen, l\u00e4sst uns kollektiv nach Methoden, Bewusstseins- und Heilungswegen suchen, die uns vor der globalen Selbstzerst\u00f6rung bewahren. Die Prinzipien der <i>Alexander-Technik<span class=\"Apple-converted-space\">\u00a0 <\/span><\/i>k\u00f6nnen als Basis f\u00fcr bewusstes, nachhaltiges und werteorientiertes Handeln verstanden werden und somit einen Beitrag f\u00fcr die Gesellschaft leisten, der in grunds\u00e4tzlich allen Bereichen des pers\u00f6nlichen und sozialen Lebens wirksam wird.<span class=\"Apple-converted-space\">\u00a0<\/span><\/p>\n","protected":false},"excerpt":{"rendered":"<p>*Wenn man einen Menschen lehrt, sich erst einmal seines physischen Organismus bewusst zu werden und diesen dann so zu gebrauchen, wie es seiner nat\u00fcrlichen Funktionsweise entspricht, dann kann man oft seine gesamte Lebenseinstellung \u00e4ndern und ihn von seinen neurotischen Tendenzen heilen.*\u00a0 \u00a0 \u00a0 \u00a0 \u00a0 \u00a0 \u00a0 \u00a0 \u00a0 \u00a0 \u00a0 \u00a0 \u00a0 \u00a0 \u00a0 &hellip; <\/p>\n<p class=\"link-more\"><a href=\"https:\/\/alexandertechnikinitiative.berlin\/gb\/ethische-aspekte-der-alexander-technik\/\" class=\"more-link\">Continue reading<span class=\"screen-reader-text\"> &#8220;Ethische Aspekte der Alexander-Technik&#8221;<\/span><\/a><\/p>\n","protected":false},"author":1,"featured_media":0,"parent":0,"menu_order":0,"comment_status":"closed","ping_status":"closed","template":"","meta":{"footnotes":""},"class_list":["post-1195","page","type-page","status-publish","hentry"],"translation":{"provider":"WPGlobus","version":"3.0.0","language":"gb","enabled_languages":["de","gb"],"languages":{"de":{"title":true,"content":true,"excerpt":false},"gb":{"title":false,"content":false,"excerpt":false}}},"_links":{"self":[{"href":"https:\/\/alexandertechnikinitiative.berlin\/gb\/wp-json\/wp\/v2\/pages\/1195","targetHints":{"allow":["GET"]}}],"collection":[{"href":"https:\/\/alexandertechnikinitiative.berlin\/gb\/wp-json\/wp\/v2\/pages"}],"about":[{"href":"https:\/\/alexandertechnikinitiative.berlin\/gb\/wp-json\/wp\/v2\/types\/page"}],"author":[{"embeddable":true,"href":"https:\/\/alexandertechnikinitiative.berlin\/gb\/wp-json\/wp\/v2\/users\/1"}],"replies":[{"embeddable":true,"href":"https:\/\/alexandertechnikinitiative.berlin\/gb\/wp-json\/wp\/v2\/comments?post=1195"}],"version-history":[{"count":6,"href":"https:\/\/alexandertechnikinitiative.berlin\/gb\/wp-json\/wp\/v2\/pages\/1195\/revisions"}],"predecessor-version":[{"id":1462,"href":"https:\/\/alexandertechnikinitiative.berlin\/gb\/wp-json\/wp\/v2\/pages\/1195\/revisions\/1462"}],"wp:attachment":[{"href":"https:\/\/alexandertechnikinitiative.berlin\/gb\/wp-json\/wp\/v2\/media?parent=1195"}],"curies":[{"name":"wp","href":"https:\/\/api.w.org\/{rel}","templated":true}]}}