{"id":1197,"date":"2018-12-03T13:05:36","date_gmt":"2018-12-03T12:05:36","guid":{"rendered":"http:\/\/alexandertechnikinitiative.berlin\/?page_id=1197"},"modified":"2019-11-09T21:08:06","modified_gmt":"2019-11-09T20:08:06","slug":"paedagogik","status":"publish","type":"page","link":"https:\/\/alexandertechnikinitiative.berlin\/gb\/paedagogik\/","title":{"rendered":"Pedagogy"},"content":{"rendered":"\n<p>*Jeder will es richtig machen; aber niemand h\u00e4lt inne, um zu \u00fcberlegen, ob seine Vorstellung von \u201erichtig\u201c die richtige ist.* &nbsp;    F.M. Alexander<\/p>\n\n\n\n<p>Wenn Lernen das Fundament f\u00fcr pers\u00f6nliche bzw. gesellschaftliche Entwicklung ist, ist die Alexander-Technik das Fundament f\u00fcr das Lernen. Sie bietet die Mittel, die uns erlauben, unsere Leistungen auf die Erfordernisse der Situation einzustimmen und unser Potenzial freizusetzen.<\/p>\n\n\n\n<p>Angst ist der Reiz, der unsere Funktionst\u00fcchtigkeit am st\u00e4rksten zu hemmen vermag. Die <strong>Alexander-Technik<\/strong> hilft uns, aufkommende \u00c4ngste wahrzunehmen, zuzuordnen und in ihrer Wirkungsweise auf unser Funktionensystem zu durchschauen. So werden wir f\u00e4hig, uns in herausfordernden Momenten gegen die Angst zu entscheiden und der Selbstregulation unseres Organismus zu vertrauen.<br><br><br><\/p>\n","protected":false},"excerpt":{"rendered":"<p>*Jeder will es richtig machen; aber niemand h\u00e4lt inne, um zu \u00fcberlegen, ob seine Vorstellung von \u201erichtig\u201c die richtige ist.* &nbsp; F.M. Alexander Wenn Lernen das Fundament f\u00fcr pers\u00f6nliche bzw. gesellschaftliche Entwicklung ist, ist die Alexander-Technik das Fundament f\u00fcr das Lernen. Sie bietet die Mittel, die uns erlauben, unsere Leistungen auf die Erfordernisse der Situation &hellip; <\/p>\n<p class=\"link-more\"><a href=\"https:\/\/alexandertechnikinitiative.berlin\/gb\/paedagogik\/\" class=\"more-link\">Continue reading<span class=\"screen-reader-text\"> &#8220;Pedagogy&#8221;<\/span><\/a><\/p>\n","protected":false},"author":1,"featured_media":0,"parent":0,"menu_order":0,"comment_status":"closed","ping_status":"closed","template":"","meta":{"footnotes":""},"class_list":["post-1197","page","type-page","status-publish","hentry"],"translation":{"provider":"WPGlobus","version":"3.0.0","language":"gb","enabled_languages":["de","gb"],"languages":{"de":{"title":true,"content":true,"excerpt":false},"gb":{"title":true,"content":false,"excerpt":false}}},"_links":{"self":[{"href":"https:\/\/alexandertechnikinitiative.berlin\/gb\/wp-json\/wp\/v2\/pages\/1197","targetHints":{"allow":["GET"]}}],"collection":[{"href":"https:\/\/alexandertechnikinitiative.berlin\/gb\/wp-json\/wp\/v2\/pages"}],"about":[{"href":"https:\/\/alexandertechnikinitiative.berlin\/gb\/wp-json\/wp\/v2\/types\/page"}],"author":[{"embeddable":true,"href":"https:\/\/alexandertechnikinitiative.berlin\/gb\/wp-json\/wp\/v2\/users\/1"}],"replies":[{"embeddable":true,"href":"https:\/\/alexandertechnikinitiative.berlin\/gb\/wp-json\/wp\/v2\/comments?post=1197"}],"version-history":[{"count":10,"href":"https:\/\/alexandertechnikinitiative.berlin\/gb\/wp-json\/wp\/v2\/pages\/1197\/revisions"}],"predecessor-version":[{"id":1544,"href":"https:\/\/alexandertechnikinitiative.berlin\/gb\/wp-json\/wp\/v2\/pages\/1197\/revisions\/1544"}],"wp:attachment":[{"href":"https:\/\/alexandertechnikinitiative.berlin\/gb\/wp-json\/wp\/v2\/media?parent=1197"}],"curies":[{"name":"wp","href":"https:\/\/api.w.org\/{rel}","templated":true}]}}