{"id":1217,"date":"2018-12-03T13:11:12","date_gmt":"2018-12-03T12:11:12","guid":{"rendered":"http:\/\/alexandertechnikinitiative.berlin\/?page_id=1217"},"modified":"2019-11-09T21:11:17","modified_gmt":"2019-11-09T20:11:17","slug":"susanne-middendorf","status":"publish","type":"page","link":"https:\/\/alexandertechnikinitiative.berlin\/gb\/susanne-middendorf\/","title":{"rendered":"Susanne Middendorf"},"content":{"rendered":"<p>Dipl Musikp\u00e4dagogin<img loading=\"lazy\" decoding=\"async\" class=\"size-medium wp-image-1256 alignright\" src=\"https:\/\/alexandertechnikinitiative.berlin\/wp-content\/uploads\/2018\/12\/DSC_0118-1024x683-300x200.jpg\" alt=\"\" width=\"300\" height=\"200\" srcset=\"https:\/\/alexandertechnikinitiative.berlin\/wp-content\/uploads\/2018\/12\/DSC_0118-1024x683-300x200.jpg 300w, https:\/\/alexandertechnikinitiative.berlin\/wp-content\/uploads\/2018\/12\/DSC_0118-1024x683-768x512.jpg 768w, https:\/\/alexandertechnikinitiative.berlin\/wp-content\/uploads\/2018\/12\/DSC_0118-1024x683.jpg 1024w\" sizes=\"auto, (max-width: 300px) 100vw, 300px\" \/><br \/>\nDipl Lehrerin der Alexander-Technik<br \/>\nK\u00f6rperorientierte Stimmbildung<br \/>\nEnergetisches Heilen<\/p>\n<p>Kontinuierliche Unterrichtserfahrung seit 2001<br \/>\nEinzelunterricht, Gruppen und Workshops<\/p>\n<p>Assistenz in der Schule f\u00fcr Alexander-Technik, Berlin, Dan Armon<\/p>\n<p>Vortr\u00e4ge \u00fcber die Anwendbarkeit der Alexander-Technik im Kontext von Gesundheit, Musik, Stimmarbeit, Pers\u00f6nlichkeitsentwicklung und Spiritualit\u00e4t<\/p>\n<p style=\"text-align: right;\"><span style=\"color: #808080;\">\u201eDer Weg zur AT hat sich mir \u00fcber die Musik erschlossen. Als S\u00e4ngerin bin ich auf einen funktionalen K\u00f6rpergebrauch, eine gute Koordination, Flexibilit\u00e4t, Durchl\u00e4ssigkeit und ein hohes Niveau von K\u00f6rperenergie angewiesen. Die AT ist wie ein fein justierender Kompass, der mit einem Gef\u00fchl f\u00fcr Stimmigkeit und f\u00fcr die Entfaltung des Wesentlichen den Weg weist. In der Tiefe aber f\u00fchrt uns die AT zu einem heilsameren Umgang mit Leben und zu den heileren Ressourcen in uns selbst. In den vergangenen Jahren habe ich begonnen, die Prinzipien der AT mit Ans\u00e4tzen aus der K\u00f6rperheilarbeit und dem energetischen Heilen zu verbinden.\u201c<\/span><\/p>\n<div id=\"block-5b3a08da-401a-42e9-acec-4469fc64b1c2\" class=\"wp-block editor-block-list__block block-editor-block-list__block is-selected\" tabindex=\"0\" data-type=\"core\/paragraph\" aria-label=\"Block: Absatz\">\n<div class=\"editor-block-list__block-edit block-editor-block-list__block-edit\">\n<div data-block=\"5b3a08da-401a-42e9-acec-4469fc64b1c2\">\n<div>\n<div class=\"editor-rich-text block-editor-rich-text\">\n<div>\n<div>\n<div class=\"components-autocomplete\">\n<p>www.alexandertechnik-berlin.com<br \/>\nwww.susanne-middendorf.de<\/p>\n<\/div>\n<\/div>\n<\/div>\n<\/div>\n<\/div>\n<\/div>\n<\/div>\n<\/div>\n<div id=\"block-2d333150-7342-4b7d-acc4-a87de0ab309d\" class=\"wp-block editor-block-list__block block-editor-block-list__block is-hovered\" tabindex=\"0\" data-type=\"core\/paragraph\" aria-label=\"Block: Absatz\">\n<div class=\"editor-block-list__insertion-point block-editor-block-list__insertion-point\">\n<div class=\"editor-block-list__insertion-point-inserter block-editor-block-list__insertion-point-inserter\" tabindex=\"-1\">\n<div class=\"editor-inserter block-editor-inserter\"><\/div>\n<\/div>\n<\/div>\n<\/div>\n","protected":false},"excerpt":{"rendered":"<p>Dipl Musikp\u00e4dagogin Dipl Lehrerin der Alexander-Technik K\u00f6rperorientierte Stimmbildung Energetisches Heilen Kontinuierliche Unterrichtserfahrung seit 2001 Einzelunterricht, Gruppen und Workshops Assistenz in der Schule f\u00fcr Alexander-Technik, Berlin, Dan Armon Vortr\u00e4ge \u00fcber die Anwendbarkeit der Alexander-Technik im Kontext von Gesundheit, Musik, Stimmarbeit, Pers\u00f6nlichkeitsentwicklung und Spiritualit\u00e4t \u201eDer Weg zur AT hat sich mir \u00fcber die Musik erschlossen. Als S\u00e4ngerin &hellip; <\/p>\n<p class=\"link-more\"><a href=\"https:\/\/alexandertechnikinitiative.berlin\/gb\/susanne-middendorf\/\" class=\"more-link\">Continue reading<span class=\"screen-reader-text\"> &#8220;Susanne Middendorf&#8221;<\/span><\/a><\/p>\n","protected":false},"author":1,"featured_media":0,"parent":0,"menu_order":0,"comment_status":"closed","ping_status":"closed","template":"","meta":{"footnotes":""},"class_list":["post-1217","page","type-page","status-publish","hentry"],"translation":{"provider":"WPGlobus","version":"3.0.0","language":"gb","enabled_languages":["de","gb"],"languages":{"de":{"title":true,"content":true,"excerpt":false},"gb":{"title":false,"content":false,"excerpt":false}}},"_links":{"self":[{"href":"https:\/\/alexandertechnikinitiative.berlin\/gb\/wp-json\/wp\/v2\/pages\/1217","targetHints":{"allow":["GET"]}}],"collection":[{"href":"https:\/\/alexandertechnikinitiative.berlin\/gb\/wp-json\/wp\/v2\/pages"}],"about":[{"href":"https:\/\/alexandertechnikinitiative.berlin\/gb\/wp-json\/wp\/v2\/types\/page"}],"author":[{"embeddable":true,"href":"https:\/\/alexandertechnikinitiative.berlin\/gb\/wp-json\/wp\/v2\/users\/1"}],"replies":[{"embeddable":true,"href":"https:\/\/alexandertechnikinitiative.berlin\/gb\/wp-json\/wp\/v2\/comments?post=1217"}],"version-history":[{"count":10,"href":"https:\/\/alexandertechnikinitiative.berlin\/gb\/wp-json\/wp\/v2\/pages\/1217\/revisions"}],"predecessor-version":[{"id":1548,"href":"https:\/\/alexandertechnikinitiative.berlin\/gb\/wp-json\/wp\/v2\/pages\/1217\/revisions\/1548"}],"wp:attachment":[{"href":"https:\/\/alexandertechnikinitiative.berlin\/gb\/wp-json\/wp\/v2\/media?parent=1217"}],"curies":[{"name":"wp","href":"https:\/\/api.w.org\/{rel}","templated":true}]}}