{"id":1565,"date":"2019-11-10T16:22:26","date_gmt":"2019-11-10T15:22:26","guid":{"rendered":"http:\/\/alexandertechnikinitiative.berlin\/?page_id=1565"},"modified":"2019-11-10T16:24:22","modified_gmt":"2019-11-10T15:24:22","slug":"allgemein","status":"publish","type":"page","link":"https:\/\/alexandertechnikinitiative.berlin\/gb\/die-alexander-technik\/allgemein\/","title":{"rendered":"Allgemein"},"content":{"rendered":"\n<p>Art is an expression of and vehicle for human development, individual or collective. It elucidates the often struggling relationship between culture and nature and finds its form at their interface.<br>The creative act demands a heightened sense awareness of their interaction, and the means to articulate it.<\/p>\n\n\n\n<p>Besides technical competence, a good command of the body and a heightened sensory awareness are vital qualities for any artist. Flexibility, coordination and precision are necessary facilities on which creative performance depends and they form the foundation for a good and flourishing artistic career.<\/p>\n\n\n\n<p>Die pragmatische R\u00fcckbesinnung auf das Geschehenlassen des sch\u00f6pferischen Prozesses ist eines der gr\u00f6\u00dften Benefits der <strong>alexander-technik<\/strong>. Jenseits von restriktiver Struktur und Kontrolle, in einem Vorgang steter Koordination und Kooperation, entsteht das, was K\u00fcnstler als Flow bezeichnen.\u00a0Ein dynamischer Fluss kreativer Impulse, in dem wir Sch\u00f6pfer und Teil zugleich sind.<\/p>\n","protected":false},"excerpt":{"rendered":"<p>Art is an expression of and vehicle for human development, individual or collective. It elucidates the often struggling relationship between culture and nature and finds its form at their interface.The creative act demands a heightened sense awareness of their interaction, and the means to articulate it. Besides technical competence, a good command of the body &hellip; <\/p>\n<p class=\"link-more\"><a href=\"https:\/\/alexandertechnikinitiative.berlin\/gb\/die-alexander-technik\/allgemein\/\" class=\"more-link\">Continue reading<span class=\"screen-reader-text\"> &#8220;Allgemein&#8221;<\/span><\/a><\/p>\n","protected":false},"author":1,"featured_media":0,"parent":1145,"menu_order":0,"comment_status":"closed","ping_status":"closed","template":"","meta":{"footnotes":""},"class_list":["post-1565","page","type-page","status-publish","hentry"],"translation":{"provider":"WPGlobus","version":"3.0.0","language":"gb","enabled_languages":["de","gb"],"languages":{"de":{"title":true,"content":true,"excerpt":false},"gb":{"title":false,"content":false,"excerpt":false}}},"_links":{"self":[{"href":"https:\/\/alexandertechnikinitiative.berlin\/gb\/wp-json\/wp\/v2\/pages\/1565","targetHints":{"allow":["GET"]}}],"collection":[{"href":"https:\/\/alexandertechnikinitiative.berlin\/gb\/wp-json\/wp\/v2\/pages"}],"about":[{"href":"https:\/\/alexandertechnikinitiative.berlin\/gb\/wp-json\/wp\/v2\/types\/page"}],"author":[{"embeddable":true,"href":"https:\/\/alexandertechnikinitiative.berlin\/gb\/wp-json\/wp\/v2\/users\/1"}],"replies":[{"embeddable":true,"href":"https:\/\/alexandertechnikinitiative.berlin\/gb\/wp-json\/wp\/v2\/comments?post=1565"}],"version-history":[{"count":3,"href":"https:\/\/alexandertechnikinitiative.berlin\/gb\/wp-json\/wp\/v2\/pages\/1565\/revisions"}],"predecessor-version":[{"id":1569,"href":"https:\/\/alexandertechnikinitiative.berlin\/gb\/wp-json\/wp\/v2\/pages\/1565\/revisions\/1569"}],"up":[{"embeddable":true,"href":"https:\/\/alexandertechnikinitiative.berlin\/gb\/wp-json\/wp\/v2\/pages\/1145"}],"wp:attachment":[{"href":"https:\/\/alexandertechnikinitiative.berlin\/gb\/wp-json\/wp\/v2\/media?parent=1565"}],"curies":[{"name":"wp","href":"https:\/\/api.w.org\/{rel}","templated":true}]}}